{"id":74,"date":"2016-03-11T12:33:36","date_gmt":"2016-03-11T11:33:36","guid":{"rendered":"http:\/\/www.aufkleber-druck-profi.de\/?page_id=74"},"modified":"2017-11-06T15:12:46","modified_gmt":"2017-11-06T14:12:46","slug":"papiersorten","status":"publish","type":"page","link":"http:\/\/handzettel-profi.de\/?page_id=74","title":{"rendered":"Papiersorten"},"content":{"rendered":"<p>Normalerweise werden Flyer auf <strong>Bilderdruckpapier <\/strong>gedruckt.<\/p>\n<p>Das Papier ist sehr glatt und gibt Farben leuchtend wieder, da das glatte Papier Licht reflektiert.<\/p>\n<p><strong>Recyclingpapier<\/strong> ist etwas matter und stellt Farben nicht so leuchtend da, ist daf\u00fcr aber umweltfreundlich.<\/p>\n<p><strong>Kunststoff-Folie<\/strong> wird mit UV-getrockneten Farben bedruckt, wodurch sich diese Papiersorte sehr gut f\u00fcr Eins\u00e4tze im freien genutzt wird, da der Flyer wasser- und \u00f6lbest\u00e4ndig ist.<\/p>\n<p>Sie sollten sich im Vorraus im klaren sein, wo und wie Sie den Flyer benutzen wollen, da die Papiersorte vom Einsatzort und von der Einsatzart abh\u00e4ngt.<\/p>\n","protected":false},"excerpt":{"rendered":"<p>Normalerweise werden Flyer auf Bilderdruckpapier gedruckt. Das Papier ist sehr glatt und gibt Farben leuchtend wieder, da das glatte Papier<\/p>\n","protected":false},"author":1,"featured_media":0,"parent":0,"menu_order":0,"comment_status":"closed","ping_status":"closed","template":"","meta":{"footnotes":""},"_links":{"self":[{"href":"http:\/\/handzettel-profi.de\/index.php?rest_route=\/wp\/v2\/pages\/74"}],"collection":[{"href":"http:\/\/handzettel-profi.de\/index.php?rest_route=\/wp\/v2\/pages"}],"about":[{"href":"http:\/\/handzettel-profi.de\/index.php?rest_route=\/wp\/v2\/types\/page"}],"author":[{"embeddable":true,"href":"http:\/\/handzettel-profi.de\/index.php?rest_route=\/wp\/v2\/users\/1"}],"replies":[{"embeddable":true,"href":"http:\/\/handzettel-profi.de\/index.php?rest_route=%2Fwp%2Fv2%2Fcomments&post=74"}],"version-history":[{"count":3,"href":"http:\/\/handzettel-profi.de\/index.php?rest_route=\/wp\/v2\/pages\/74\/revisions"}],"predecessor-version":[{"id":294,"href":"http:\/\/handzettel-profi.de\/index.php?rest_route=\/wp\/v2\/pages\/74\/revisions\/294"}],"wp:attachment":[{"href":"http:\/\/handzettel-profi.de\/index.php?rest_route=%2Fwp%2Fv2%2Fmedia&parent=74"}],"curies":[{"name":"wp","href":"https:\/\/api.w.org\/{rel}","templated":true}]}}