{"id":171,"date":"2016-03-16T16:18:22","date_gmt":"2016-03-16T15:18:22","guid":{"rendered":"http:\/\/www.aufkleber-druck-profi.de\/?page_id=171"},"modified":"2017-11-06T10:16:25","modified_gmt":"2017-11-06T09:16:25","slug":"briefkastenverteilung","status":"publish","type":"page","link":"http:\/\/handzettel-profi.de\/?page_id=171","title":{"rendered":"Briefkastenverteilung"},"content":{"rendered":"<p>Fl\u00e4chendeckende Verteilung:<\/p>\n<p>Wenn Sie keine feste Zielgruppe haben, ist eine fl\u00e4chendeckende Verteilung am besten.<\/p>\n<p>So k\u00f6nnen Sie ein Zielgebiet ausw\u00e4hlen und in diesem Gebiet wird in jeden Briefkasten ein Flyer eingeworfen, sofern dort kein &#8222;Bitte keine Werbung&#8220;-Aufkleber ist.<\/p>\n<p>So haben Sie eine hohe Reichweite und erreichen viele Leute mit minimalen Aufwand.<\/p>\n<p>&nbsp;<\/p>\n<p>Selektive Verteilung:<\/p>\n<p>Mit einer selektiven Verteilung erreichen Sie die Zielgruppe, die Sie im Vorfeld ausgew\u00e4hlt haben.<\/p>\n<p>Die Flyer werden an ausgew\u00e4hlte Adressen zugestellt, die zu Ihrer Zielgruppe geh\u00f6ren.<\/p>\n<p>Durch Geodaten k\u00f6nnen Adressen herausgefiltert werden, die Ihren Anforderungen entsprechen und zu denen Ihre Werbung geschickt werden kann.<\/p>\n<p>&nbsp;<\/p>\n<p>Geodaten:<\/p>\n<p>Geodaten sind Daten, die einen direkten oder indirekten Bezug zu einem Standort oder geopraphischen Gebiet haben.<\/p>\n<p>Man benutzt Sie um Daten, wie z.B. Einkommen, Wohlstand oder Familienstand der Leute herauszufinden, damit man eine slektive Verteilung planen kann<\/p>\n<p>Geodaten finden Sie auf Geodatenportalen wie z.B. das <a href=\"https:\/\/www.geodaten.niedersachsen.de\/\" target=\"_blank\">Geodatenportal-Niedersachsen<\/a>.<\/p>\n<p>&nbsp;<\/p>\n<p>Preise:<\/p>\n<p>Um den Preis ungef\u00e4hr verauszubestimmen kann man sich als Faustregel merken, dass je h\u00f6her die H\u00e4userdichte, desto niedriger der Preis ist.<\/p>\n<p>Somit lohnt es sich mehr, in Gro\u00dfstadtbereichen eine Briefkastenverteilung zu betreiben, als in l\u00e4ndlicheren Gebieten.<\/p>\n<p>Au\u00dferdem m\u00fcssen die Verteiler bezahlt werden, da die Briefkastenverteilung exklusiv auf Ihr Projekt angepasst wird.<\/p>\n<p>&nbsp;<\/p>\n","protected":false},"excerpt":{"rendered":"<p>Fl\u00e4chendeckende Verteilung: Wenn Sie keine feste Zielgruppe haben, ist eine fl\u00e4chendeckende Verteilung am besten. So k\u00f6nnen Sie ein Zielgebiet ausw\u00e4hlen<\/p>\n","protected":false},"author":1,"featured_media":0,"parent":0,"menu_order":0,"comment_status":"closed","ping_status":"closed","template":"","meta":{"footnotes":""},"_links":{"self":[{"href":"http:\/\/handzettel-profi.de\/index.php?rest_route=\/wp\/v2\/pages\/171"}],"collection":[{"href":"http:\/\/handzettel-profi.de\/index.php?rest_route=\/wp\/v2\/pages"}],"about":[{"href":"http:\/\/handzettel-profi.de\/index.php?rest_route=\/wp\/v2\/types\/page"}],"author":[{"embeddable":true,"href":"http:\/\/handzettel-profi.de\/index.php?rest_route=\/wp\/v2\/users\/1"}],"replies":[{"embeddable":true,"href":"http:\/\/handzettel-profi.de\/index.php?rest_route=%2Fwp%2Fv2%2Fcomments&post=171"}],"version-history":[{"count":4,"href":"http:\/\/handzettel-profi.de\/index.php?rest_route=\/wp\/v2\/pages\/171\/revisions"}],"predecessor-version":[{"id":287,"href":"http:\/\/handzettel-profi.de\/index.php?rest_route=\/wp\/v2\/pages\/171\/revisions\/287"}],"wp:attachment":[{"href":"http:\/\/handzettel-profi.de\/index.php?rest_route=%2Fwp%2Fv2%2Fmedia&parent=171"}],"curies":[{"name":"wp","href":"https:\/\/api.w.org\/{rel}","templated":true}]}}