{"id":169,"date":"2016-03-16T16:18:11","date_gmt":"2016-03-16T15:18:11","guid":{"rendered":"http:\/\/www.aufkleber-druck-profi.de\/?page_id=169"},"modified":"2017-11-03T14:38:28","modified_gmt":"2017-11-03T13:38:28","slug":"strassenverteilung","status":"publish","type":"page","link":"http:\/\/handzettel-profi.de\/?page_id=169","title":{"rendered":"Stra\u00dfenverteilung"},"content":{"rendered":"<p>Bei der Stra\u00dfenverteilung wird der Handzettel direkt in die Hand des Kunden gedr\u00fcckt.<\/p>\n<p>Allerding kostet diese Art der Verteilung auch mehr.<\/p>\n<p>&nbsp;<\/p>\n<p>Je nach Standort (Bahnhof, Fu\u00dfg\u00e4ngerzone, Einkaufzentrum) muss man eine Genehmigung bekommen und unter Umst\u00e4nden auch eine Geb\u00fchr bezahlen.<\/p>\n<p>In manchen St\u00e4dten ist es sogar komplett verboten, Handzettel in der Fu\u00dfg\u00e4ngerzone zu verteilen. Beispiele hierf\u00fcr sind: Stuttgart, Hamburg und M\u00fcnchen.<\/p>\n<p>Die Bearbeituungszeit der Genehmigungen betr\u00e4gt im Normalfall ungef\u00e4hr 10 Tage<\/p>\n<p>&nbsp;<\/p>\n<p>Au\u00dferdem m\u00fcssen die Verteiler auch bezahlt werden.<\/p>\n<p>Die Verteiler k\u00f6nnen bestimmte Kleidungsst\u00fccke tragen z.B. T-Shirts mit Ihrem Firmenlogo oder Kost\u00fcme.<\/p>\n<p>Wenn eine Zielgruppe vorgegeben ist, m\u00fcssen die Verteiler allerdings darin geschult sein, die Zielgruppe zu erkennen und direkt auf sie zuzugehen.<\/p>\n<p>&nbsp;<\/p>\n<p>Sie sollten sich aber vorher schon im klaren sein, wie viele Verteiler Sie daf\u00fcr engarieren m\u00f6chten, da manche St\u00e4dte dies angegeben haben wollen, um die Geb\u00fchr f\u00fcr die Genehmigung zu berechnen.<\/p>\n<p>Dies Kosten k\u00f6nnen von 0\u20ac bis zu 200\u20ac je Verteiler je Tag reichen.<\/p>\n<p>&nbsp;<\/p>\n<p>&nbsp;<\/p>\n<p>&nbsp;<\/p>\n<p>&nbsp;<\/p>\n","protected":false},"excerpt":{"rendered":"<p>Bei der Stra\u00dfenverteilung wird der Handzettel direkt in die Hand des Kunden gedr\u00fcckt. Allerding kostet diese Art der Verteilung auch<\/p>\n","protected":false},"author":1,"featured_media":0,"parent":0,"menu_order":0,"comment_status":"closed","ping_status":"closed","template":"","meta":{"footnotes":""},"_links":{"self":[{"href":"http:\/\/handzettel-profi.de\/index.php?rest_route=\/wp\/v2\/pages\/169"}],"collection":[{"href":"http:\/\/handzettel-profi.de\/index.php?rest_route=\/wp\/v2\/pages"}],"about":[{"href":"http:\/\/handzettel-profi.de\/index.php?rest_route=\/wp\/v2\/types\/page"}],"author":[{"embeddable":true,"href":"http:\/\/handzettel-profi.de\/index.php?rest_route=\/wp\/v2\/users\/1"}],"replies":[{"embeddable":true,"href":"http:\/\/handzettel-profi.de\/index.php?rest_route=%2Fwp%2Fv2%2Fcomments&post=169"}],"version-history":[{"count":4,"href":"http:\/\/handzettel-profi.de\/index.php?rest_route=\/wp\/v2\/pages\/169\/revisions"}],"predecessor-version":[{"id":281,"href":"http:\/\/handzettel-profi.de\/index.php?rest_route=\/wp\/v2\/pages\/169\/revisions\/281"}],"wp:attachment":[{"href":"http:\/\/handzettel-profi.de\/index.php?rest_route=%2Fwp%2Fv2%2Fmedia&parent=169"}],"curies":[{"name":"wp","href":"https:\/\/api.w.org\/{rel}","templated":true}]}}